{"id":207,"date":"2021-01-26T10:46:29","date_gmt":"2021-01-26T09:46:29","guid":{"rendered":"https:\/\/huebner-it-gmbh.de\/?page_id=207"},"modified":"2025-01-17T09:27:45","modified_gmt":"2025-01-17T08:27:45","slug":"impressum","status":"publish","type":"page","link":"https:\/\/huebner-it-gmbh.de\/index.php\/impressum\/","title":{"rendered":"Impressum"},"content":{"rendered":"\t\t<div data-elementor-type=\"wp-page\" data-elementor-id=\"207\" class=\"elementor elementor-207\">\n\t\t\t\t\t\t<section class=\"elementor-section elementor-top-section elementor-element elementor-element-524b196d elementor-section-full_width elementor-section-content-middle elementor-section-height-min-height elementor-section-height-default elementor-section-items-middle\" data-id=\"524b196d\" data-element_type=\"section\" data-e-type=\"section\" data-settings=\"{&quot;background_background&quot;:&quot;classic&quot;}\">\n\t\t\t\t\t\t\t<div class=\"elementor-background-overlay\"><\/div>\n\t\t\t\t\t\t\t<div class=\"elementor-container elementor-column-gap-default\">\n\t\t\t\t\t<div class=\"elementor-column elementor-col-100 elementor-top-column elementor-element elementor-element-1414d9ba\" data-id=\"1414d9ba\" data-element_type=\"column\" data-e-type=\"column\">\n\t\t\t<div class=\"elementor-widget-wrap elementor-element-populated\">\n\t\t\t\t\t\t<div class=\"elementor-element elementor-element-7b481c22 elementor-widget elementor-widget-heading\" data-id=\"7b481c22\" data-element_type=\"widget\" data-e-type=\"widget\" data-widget_type=\"heading.default\">\n\t\t\t\t<div class=\"elementor-widget-container\">\n\t\t\t\t\t<h1 class=\"elementor-heading-title elementor-size-large\">Impressum<\/h1>\t\t\t\t<\/div>\n\t\t\t\t<\/div>\n\t\t\t\t\t<\/div>\n\t\t<\/div>\n\t\t\t\t\t<\/div>\n\t\t<\/section>\n\t\t\t\t<section class=\"elementor-section elementor-top-section elementor-element elementor-element-102c660 elementor-section-full_width elementor-section-height-default elementor-section-height-default\" data-id=\"102c660\" data-element_type=\"section\" data-e-type=\"section\">\n\t\t\t\t\t\t<div class=\"elementor-container elementor-column-gap-wider\">\n\t\t\t\t\t<div class=\"elementor-column elementor-col-100 elementor-top-column elementor-element elementor-element-674a7ce\" data-id=\"674a7ce\" data-element_type=\"column\" data-e-type=\"column\">\n\t\t\t<div class=\"elementor-widget-wrap elementor-element-populated\">\n\t\t\t\t\t\t<div class=\"elementor-element elementor-element-2f85cd9 elementor-widget elementor-widget-heading\" data-id=\"2f85cd9\" data-element_type=\"widget\" data-e-type=\"widget\" data-widget_type=\"heading.default\">\n\t\t\t\t<div class=\"elementor-widget-container\">\n\t\t\t\t\t<h3 class=\"elementor-heading-title elementor-size-large\">Impressum<\/h3>\t\t\t\t<\/div>\n\t\t\t\t<\/div>\n\t\t\t\t<div class=\"elementor-element elementor-element-1a68fe0 elementor-widget elementor-widget-text-editor\" data-id=\"1a68fe0\" data-element_type=\"widget\" data-e-type=\"widget\" data-widget_type=\"text-editor.default\">\n\t\t\t\t<div class=\"elementor-widget-container\">\n\t\t\t\t\t\t\t\t\t<h5><strong style=\"color: rgb(38, 38, 38); font-family: var( --e-global-typography-text-font-family ), Sans-serif; font-size: 17px;\">H\u00fcbner IT GmbH<\/strong><\/h5><p>Allg\u00e4uer Str. 1&nbsp;<br><span style=\"font-family: var( --e-global-typography-text-font-family ), Sans-serif;\">87640 Biessenhofen<br><\/span><span style=\"font-family: var( --e-global-typography-text-font-family ), Sans-serif;\">Deutschland<br><\/span><span style=\"font-family: var( --e-global-typography-text-font-family ), Sans-serif;\">Telefon: 08342 899377<br><\/span><span style=\"font-family: var( --e-global-typography-text-font-family ), Sans-serif;\">Fax: 08342 7054759<br><\/span><span style=\"font-family: var( --e-global-typography-text-font-family ), Sans-serif;\">E-Mail:<\/span><a style=\"font-family: var( --e-global-typography-text-font-family ), Sans-serif;\" href=\"mailto:info@Huebner-IT-GmbH.de\" target=\"_blank\" rel=\"noopener\"> info@Huebner-IT-GmbH.de<\/a><br><span style=\"font-family: var( --e-global-typography-text-font-family ), Sans-serif;\">Web: <\/span><a style=\"font-family: var( --e-global-typography-text-font-family ), Sans-serif;\" href=\"http:\/\/www.Huebner-IT-GmbH.de\" target=\"_blank\" rel=\"noopener\">www.Huebner-IT-GmbH.de<\/a><\/p>\n<p><b>Gesch\u00e4ftsleitung<\/b><br>Dipl.-Ing (FH) Thomas H\u00fcbner<\/p>\n<p><b>Registereintrag<\/b><br>Eintragung im Handelsregister<br>Registergericht: Amtsgericht Kempten<br>Registernummer: HRB 15398<\/p>\n<p><b>Umsatzsteuer \/ Steuernummer<br><\/b>Umsatzsteuer-Identifikationsnummer gem\u00e4\u00df \u00a727a Umsatzsteuergesetz: DE335309318<br>Steuernummer: 125\/128\/80701<\/p>\n<p><b>Verantwortlich f\u00fcr den Inhalt nach \u00a7 55 Abs. 2 RStV<\/b><br>H\u00fcbner IT GmbH<br>Dipl.-Ing. (FH) Thomas H\u00fcbner<br>Allg\u00e4uer Str. 1<br>87640 Biessenhofen<br>Deutschland<\/p>\n<p>Wir sind nicht bereit sowie verpflichtet, an Streitbeilegungsverfahren vor einer Verbraucherschlichtungsstelle teilzunehmen.<br>Die Europ\u00e4ische Kommission stellt eine Plattform zur Online-Streitbeilegung (OS) bereit: https:\/\/ec.europa.eu\/consumers\/odr. Unsere E-Mail-Adresse finden Sie im Impressum.<\/p>\n<h5><b>H\u00fcbner IT GmbH &#8211; Nutzungsbedingungen<\/b><\/h5>\n<p><b>Haftung f\u00fcr Inhalte<\/b><\/p>\n<p>Die Inhalte unserer Website (www.Huebner-IT-GmbH.de) wurden mit gr\u00f6\u00dfter Sorgfalt erstellt. Auch werden unserer Inhalte regelm\u00e4\u00dfig aktualisiert. Jedoch \u00fcbernehmen wir keine Haftung und Garantie daf\u00fcr, dass alle Angaben zu jeder Zeit vollst\u00e4ndig, richtig sowie in letzter Aktualit\u00e4t dargestellt sind.<\/p>\n<p>Als Dienstanbieter sind wir gem\u00e4\u00df \u00a7 7 Abs.1 DDG f\u00fcr eigene Inhalte auf diesen Seiten (www.Huebner-IT-GmbH.de) nach den allgemeinen Gesetzen verantwortlich. Zudem sind wir jedoch nach \u00a7\u00a7 8 bis 10 DDG als Dienstanbieter nicht verpflichtet, \u00fcbermittelte oder gespeicherte fremde Informationen zu \u00fcberwachen oder nach Umst\u00e4nden zu forschen, die auf eine rechtswidrige T\u00e4tigkeit hinweisen. Bei Bekanntwerden von entsprechenden Rechtsverletzungen werden diese Inhalte umgehend entfernen.<\/p>\n<p><b>Haftung f\u00fcr Links<\/b><\/p>\n<p>Unser Angebot enth\u00e4lt auch Links zu externen Webseiten Dritter. Auf deren Inhalte haben wir keinen Einfluss und k\u00f6nnen deshalb f\u00fcr diese fremden Inhalte keinerlei Gew\u00e4hr \u00fcbernehmen. F\u00fcr die Inhalte der verlinkten Webseiten tr\u00e4gt stets der jeweilige Anbieter oder Betreiber der Seiten die Verantwortung. Diese verlinkten Seiten wurden zum Zeitpunkt der Verlinkung auf m\u00f6gliche Rechtsverst\u00f6\u00dfe \u00fcberpr\u00fcft und rechtswidrige Inhalte waren zum Verlinkungszeitpunkt nicht erkennbar.<br>Eine dauerhafte inhaltliche Kontrolle der verlinkten Webseiten, ist ohne konkrete Anhaltspunkte einer Rechtsverletzung, nicht zumutbar. Bei Bekanntwerden von Rechtsverletzungen werden derartige Links &#8211; von uns &#8211; umgehend entfernt.<\/p>\n<p><b>Urheberrecht<\/b><\/p>\n<p>Die durch die Seitenbetreiber erstellten Inhalte und Werke auf den Seiten von www.Huebner-IT-GmbH.de unterliegen dem deutschen Urheberrecht. Die Vervielf\u00e4ltigung, Bearbeitung, Verbreitung und jede Art der Verwertung au\u00dferhalb der Grenzen des Urheberrechts bed\u00fcrfen der schriftlichen Zustimmung des jeweiligen Autors bzw. Erstellers. Kopien oder Downloads sind nur f\u00fcr den privaten und nicht kommerziellen Gebrauch gestattet.<br>Soweit die Inhalte auf dieser Seite nicht vom Betreiber erstellt worden sind, werden die Urheberrechte Dritter beachtet. Inhalte Dritter werden insbesondere als solche gekennzeichnet.<br>F\u00fcr die Richtigkeit und Vollst\u00e4ndigkeit wird zudem keine Gew\u00e4hr \u00fcbernommen. Dies gilt auch f\u00fcr Inhalte von Dritten, die \u00fcber diese Seiten zug\u00e4nglich gemacht werden. Es wird in keinem Fall f\u00fcr Sch\u00e4den, die sich aus der Verwendung abgerufener Informationen oder dem Versenden von Informationen ergeben k\u00f6nnten, die Haftung \u00fcbernommen.<\/p>\n<p><b>Datenschutz<\/b><br>Die Nutzung unserer Website ist in der Regel ohne Angaben personenbezogener Daten m\u00f6glich. Soweit auf unseren Seiten von www.Huebner-IT-GmbH.de personenbezogene Daten (z.B. Name, Anschrift oder E-Mail-Adresse) erhoben werden, erfolgt dies, soweit m\u00f6glich, stets auf freiwilliger Basis. Diese Daten werden ohne Ihre ausdr\u00fcckliche Zustimmung nicht an Dritte weitergegeben.<br>Wir weisen darauf hin, dass die Daten\u00fcbertragung im Internet \u2013 beispielsweise bei der Kommunikation via E-Mail \u2013 Sicherheitsl\u00fccken aufweisen kann. Ein l\u00fcckenloser Schutz der Daten vor dem Zugriff durch Dritte ist nicht m\u00f6glich.<br>Auch widersprechen wir der Nutzung durch Dritte von im Rahmen der Impressumspflicht ver\u00f6ffentlichten Kontaktdaten zur \u00dcbersendung von nicht ausdr\u00fccklich angeforderter Werbung sowie Informationsmaterialien. Die Betreiber der Seite behalten sich ausdr\u00fccklich rechtliche Schritte im Falle der unverlangten Zusendung von Werbeinformationen, etwa durch Spam-Mails vor.<\/p>\n<p><b>Hinweise &amp; sonstige Bestimmungen<br><\/b>Im Falle wettbewerbsrechtlicher, urheberrechtlicher oder \u00e4hnlichen Problemen bitten wir Sie darum, uns zur Vermeidung unn\u00f6tiger Rechtsstreite und Kosten, im Vorab zu kontaktieren. Die Kostennote einer anwaltlichen Abmahnung ohne vorhergehende Kontaktaufnahme mit uns, wird im Sinne der Schadensminderungspflicht, als unbegr\u00fcndet zur\u00fcckgewiesen!<br>Auch bitten wir Sie darum, die durch die Benutzung dieser Website zugestimmten Nutzungsbedingungen regelm\u00e4\u00dfig auf \u00c4nderungen zu \u00fcberpr\u00fcfen.<\/p>\n<p><b>Copyright Bilder &amp; Grafiken<\/b><\/p>\n<p>iStock: <a href=\"https:\/\/www.istockphoto.com\/de\/portfolio\/yoh4nn?mediatype=photography\">yoh4nn<\/a>, <a class=\"photographer\" href=\"https:\/\/www.istockphoto.com\/de\/portfolio\/FrazaoStudio?mediatype=photography\">FG Trade<\/a><br>Pixabay: <a href=\"https:\/\/pixabay.com\/de\/users\/stocksnap-894430\/?utm_source=link-attribution&amp;utm_medium=referral&amp;utm_campaign=image&amp;utm_content=926425\">StockSnap<\/a>, <a href=\"https:\/\/pixabay.com\/de\/users\/yatsusimnetcojp-14033705\/\">yatsusimnetcojp<\/a>, <a href=\"https:\/\/pixabay.com\/de\/users\/pexels-2286921\/\">Pexels<\/a>, <a href=\"https:\/\/pixabay.com\/de\/users\/firmbee-663163\/\">Firmbee<\/a>, <a href=\"https:\/\/pixabay.com\/de\/users\/tayebmezahdia-4194100\/\">TayebMEZAHDIA<\/a>, <a href=\"https:\/\/pixabay.com\/de\/users\/geralt-9301\/\">geralt<\/a>, <a href=\"https:\/\/pixabay.com\/de\/users\/bertholdbrodersen-7467143\/?utm_source=link-attribution&amp;utm_medium=referral&amp;utm_campaign=image&amp;utm_content=3031678\">bertholdbrodersen<\/a>, <a href=\"https:\/\/pixabay.com\/de\/users\/3844328-3844328\/?utm_source=link-attribution&amp;utm_medium=referral&amp;utm_campaign=image&amp;utm_content=1863880\">Lorenzo Cafaro<\/a>, <a href=\"https:\/\/pixabay.com\/de\/users\/tomfield-4615284\/?utm_source=link-attribution&amp;utm_medium=referral&amp;utm_campaign=image&amp;utm_content=2816806\">tomfield<\/a><\/p>\t\t\t\t\t\t\t\t<\/div>\n\t\t\t\t<\/div>\n\t\t\t\t\t<\/div>\n\t\t<\/div>\n\t\t\t\t\t<\/div>\n\t\t<\/section>\n\t\t\t\t<section class=\"elementor-section elementor-top-section elementor-element elementor-element-d2888b0 elementor-section-boxed elementor-section-height-default elementor-section-height-default\" data-id=\"d2888b0\" data-element_type=\"section\" data-e-type=\"section\" data-settings=\"{&quot;background_background&quot;:&quot;classic&quot;}\">\n\t\t\t\t\t\t<div class=\"elementor-container elementor-column-gap-wider\">\n\t\t\t\t\t<div class=\"elementor-column elementor-col-33 elementor-top-column elementor-element elementor-element-4b9457dc\" data-id=\"4b9457dc\" data-element_type=\"column\" data-e-type=\"column\">\n\t\t\t<div class=\"elementor-widget-wrap elementor-element-populated\">\n\t\t\t\t\t\t<div class=\"elementor-element elementor-element-225680db elementor-widget elementor-widget-heading\" data-id=\"225680db\" data-element_type=\"widget\" data-e-type=\"widget\" data-widget_type=\"heading.default\">\n\t\t\t\t<div class=\"elementor-widget-container\">\n\t\t\t\t\t<h3 class=\"elementor-heading-title elementor-size-large\">Adresse<\/h3>\t\t\t\t<\/div>\n\t\t\t\t<\/div>\n\t\t\t\t<div class=\"elementor-element elementor-element-df97732 elementor-position-inline-start elementor-view-default elementor-mobile-position-block-start elementor-widget elementor-widget-icon-box\" data-id=\"df97732\" data-element_type=\"widget\" data-e-type=\"widget\" data-widget_type=\"icon-box.default\">\n\t\t\t\t<div class=\"elementor-widget-container\">\n\t\t\t\t\t\t\t<div class=\"elementor-icon-box-wrapper\">\n\n\t\t\t\t\t\t<div class=\"elementor-icon-box-icon\">\n\t\t\t\t<span  class=\"elementor-icon\">\n\t\t\t\t<i aria-hidden=\"true\" class=\"far fa-paper-plane\"><\/i>\t\t\t\t<\/span>\n\t\t\t<\/div>\n\t\t\t\n\t\t\t\t\t\t<div class=\"elementor-icon-box-content\">\n\n\t\t\t\t\t\t\t\t\t<h3 class=\"elementor-icon-box-title\">\n\t\t\t\t\t\t<span  >\n\t\t\t\t\t\t\tHu\u0308bner IT GmbH\t\t\t\t\t\t<\/span>\n\t\t\t\t\t<\/h3>\n\t\t\t\t\n\t\t\t\t\t\t\t\t\t<p class=\"elementor-icon-box-description\">\n\t\t\t\t\t\tAllg\u00e4uer Str. 1 <\/br>\n87640 Biessenhofen<\/br>\nDeutschland\t\t\t\t\t<\/p>\n\t\t\t\t\n\t\t\t<\/div>\n\t\t\t\n\t\t<\/div>\n\t\t\t\t\t\t<\/div>\n\t\t\t\t<\/div>\n\t\t\t\t\t<\/div>\n\t\t<\/div>\n\t\t\t\t<div class=\"elementor-column elementor-col-33 elementor-top-column elementor-element elementor-element-13e588fd\" data-id=\"13e588fd\" data-element_type=\"column\" data-e-type=\"column\">\n\t\t\t<div class=\"elementor-widget-wrap elementor-element-populated\">\n\t\t\t\t\t\t<div class=\"elementor-element elementor-element-1a5c61cd elementor-widget elementor-widget-heading\" data-id=\"1a5c61cd\" data-element_type=\"widget\" data-e-type=\"widget\" data-widget_type=\"heading.default\">\n\t\t\t\t<div class=\"elementor-widget-container\">\n\t\t\t\t\t<h3 class=\"elementor-heading-title elementor-size-large\">Kontakt<\/h3>\t\t\t\t<\/div>\n\t\t\t\t<\/div>\n\t\t\t\t<div class=\"elementor-element elementor-element-bfbb9ec elementor-icon-list--layout-traditional elementor-list-item-link-full_width elementor-widget elementor-widget-icon-list\" data-id=\"bfbb9ec\" data-element_type=\"widget\" data-e-type=\"widget\" data-widget_type=\"icon-list.default\">\n\t\t\t\t<div class=\"elementor-widget-container\">\n\t\t\t\t\t\t\t<ul class=\"elementor-icon-list-items\">\n\t\t\t\t\t\t\t<li class=\"elementor-icon-list-item\">\n\t\t\t\t\t\t\t\t\t\t\t<a href=\"tel:+498342899377\">\n\n\t\t\t\t\t\t\t\t\t\t\t\t<span class=\"elementor-icon-list-icon\">\n\t\t\t\t\t\t\t<i aria-hidden=\"true\" class=\"fas fa-phone\"><\/i>\t\t\t\t\t\t<\/span>\n\t\t\t\t\t\t\t\t\t\t<span class=\"elementor-icon-list-text\">08342 899377<\/span>\n\t\t\t\t\t\t\t\t\t\t\t<\/a>\n\t\t\t\t\t\t\t\t\t<\/li>\n\t\t\t\t\t\t\t\t<li class=\"elementor-icon-list-item\">\n\t\t\t\t\t\t\t\t\t\t\t<span class=\"elementor-icon-list-icon\">\n\t\t\t\t\t\t\t<i aria-hidden=\"true\" class=\"fas fa-fax\"><\/i>\t\t\t\t\t\t<\/span>\n\t\t\t\t\t\t\t\t\t\t<span class=\"elementor-icon-list-text\">08342 7054759<\/span>\n\t\t\t\t\t\t\t\t\t<\/li>\n\t\t\t\t\t\t\t\t<li class=\"elementor-icon-list-item\">\n\t\t\t\t\t\t\t\t\t\t\t<a href=\"mailto:info@Huebner-IT-GmbH.de\">\n\n\t\t\t\t\t\t\t\t\t\t\t\t<span class=\"elementor-icon-list-icon\">\n\t\t\t\t\t\t\t<i aria-hidden=\"true\" class=\"far fa-envelope\"><\/i>\t\t\t\t\t\t<\/span>\n\t\t\t\t\t\t\t\t\t\t<span class=\"elementor-icon-list-text\">info@Huebner-IT-GmbH.de<\/span>\n\t\t\t\t\t\t\t\t\t\t\t<\/a>\n\t\t\t\t\t\t\t\t\t<\/li>\n\t\t\t\t\t\t\t\t<li class=\"elementor-icon-list-item\">\n\t\t\t\t\t\t\t\t\t\t\t<a href=\"https:\/\/www.Huebner-IT-GmbH.de\">\n\n\t\t\t\t\t\t\t\t\t\t\t\t<span class=\"elementor-icon-list-icon\">\n\t\t\t\t\t\t\t<i aria-hidden=\"true\" class=\"fas fa-globe-americas\"><\/i>\t\t\t\t\t\t<\/span>\n\t\t\t\t\t\t\t\t\t\t<span class=\"elementor-icon-list-text\">www.Huebner-IT-GmbH.de<\/span>\n\t\t\t\t\t\t\t\t\t\t\t<\/a>\n\t\t\t\t\t\t\t\t\t<\/li>\n\t\t\t\t\t\t<\/ul>\n\t\t\t\t\t\t<\/div>\n\t\t\t\t<\/div>\n\t\t\t\t\t<\/div>\n\t\t<\/div>\n\t\t\t\t<div class=\"elementor-column elementor-col-33 elementor-top-column elementor-element elementor-element-12aa3a7\" data-id=\"12aa3a7\" data-element_type=\"column\" data-e-type=\"column\">\n\t\t\t<div class=\"elementor-widget-wrap elementor-element-populated\">\n\t\t\t\t\t\t<div class=\"elementor-element elementor-element-681e3871 elementor-widget elementor-widget-heading\" data-id=\"681e3871\" data-element_type=\"widget\" data-e-type=\"widget\" data-widget_type=\"heading.default\">\n\t\t\t\t<div class=\"elementor-widget-container\">\n\t\t\t\t\t<h3 class=\"elementor-heading-title elementor-size-large\">Navigation\n<\/h3>\t\t\t\t<\/div>\n\t\t\t\t<\/div>\n\t\t\t\t<div class=\"elementor-element elementor-element-dcd8ea1 elementor-icon-list--layout-traditional elementor-list-item-link-full_width elementor-widget elementor-widget-icon-list\" data-id=\"dcd8ea1\" data-element_type=\"widget\" data-e-type=\"widget\" data-widget_type=\"icon-list.default\">\n\t\t\t\t<div class=\"elementor-widget-container\">\n\t\t\t\t\t\t\t<ul class=\"elementor-icon-list-items\">\n\t\t\t\t\t\t\t<li class=\"elementor-icon-list-item\">\n\t\t\t\t\t\t\t\t\t\t\t<a href=\"https:\/\/huebner-it-gmbh.de\/\">\n\n\t\t\t\t\t\t\t\t\t\t\t\t<span class=\"elementor-icon-list-icon\">\n\t\t\t\t\t\t\t<i aria-hidden=\"true\" class=\"fas fa-caret-right\"><\/i>\t\t\t\t\t\t<\/span>\n\t\t\t\t\t\t\t\t\t\t<span class=\"elementor-icon-list-text\">Start<\/span>\n\t\t\t\t\t\t\t\t\t\t\t<\/a>\n\t\t\t\t\t\t\t\t\t<\/li>\n\t\t\t\t\t\t\t\t<li class=\"elementor-icon-list-item\">\n\t\t\t\t\t\t\t\t\t\t\t<a href=\"https:\/\/huebner-it-gmbh.de\/#ueber-uns\">\n\n\t\t\t\t\t\t\t\t\t\t\t\t<span class=\"elementor-icon-list-icon\">\n\t\t\t\t\t\t\t<i aria-hidden=\"true\" class=\"fas fa-caret-right\"><\/i>\t\t\t\t\t\t<\/span>\n\t\t\t\t\t\t\t\t\t\t<span class=\"elementor-icon-list-text\">\u00dcber uns<\/span>\n\t\t\t\t\t\t\t\t\t\t\t<\/a>\n\t\t\t\t\t\t\t\t\t<\/li>\n\t\t\t\t\t\t\t\t<li class=\"elementor-icon-list-item\">\n\t\t\t\t\t\t\t\t\t\t\t<a href=\"https:\/\/huebner-it-gmbh.de\/#anwendungsbereiche\">\n\n\t\t\t\t\t\t\t\t\t\t\t\t<span class=\"elementor-icon-list-icon\">\n\t\t\t\t\t\t\t<i aria-hidden=\"true\" class=\"fas fa-caret-right\"><\/i>\t\t\t\t\t\t<\/span>\n\t\t\t\t\t\t\t\t\t\t<span class=\"elementor-icon-list-text\">Anwendungsbereiche<\/span>\n\t\t\t\t\t\t\t\t\t\t\t<\/a>\n\t\t\t\t\t\t\t\t\t<\/li>\n\t\t\t\t\t\t\t\t<li class=\"elementor-icon-list-item\">\n\t\t\t\t\t\t\t\t\t\t\t<a href=\"https:\/\/huebner-it-gmbh.de\/#referenzobjekte\">\n\n\t\t\t\t\t\t\t\t\t\t\t\t<span class=\"elementor-icon-list-icon\">\n\t\t\t\t\t\t\t<i aria-hidden=\"true\" class=\"fas fa-caret-right\"><\/i>\t\t\t\t\t\t<\/span>\n\t\t\t\t\t\t\t\t\t\t<span class=\"elementor-icon-list-text\">Referenzobjekte<\/span>\n\t\t\t\t\t\t\t\t\t\t\t<\/a>\n\t\t\t\t\t\t\t\t\t<\/li>\n\t\t\t\t\t\t\t\t<li class=\"elementor-icon-list-item\">\n\t\t\t\t\t\t\t\t\t\t\t<a href=\"https:\/\/huebner-it-gmbh.de\/#kontakt\">\n\n\t\t\t\t\t\t\t\t\t\t\t\t<span class=\"elementor-icon-list-icon\">\n\t\t\t\t\t\t\t<i aria-hidden=\"true\" class=\"fas fa-caret-right\"><\/i>\t\t\t\t\t\t<\/span>\n\t\t\t\t\t\t\t\t\t\t<span class=\"elementor-icon-list-text\">Kontakt<\/span>\n\t\t\t\t\t\t\t\t\t\t\t<\/a>\n\t\t\t\t\t\t\t\t\t<\/li>\n\t\t\t\t\t\t<\/ul>\n\t\t\t\t\t\t<\/div>\n\t\t\t\t<\/div>\n\t\t\t\t\t<\/div>\n\t\t<\/div>\n\t\t\t\t\t<\/div>\n\t\t<\/section>\n\t\t\t\t<\/div>\n\t\t","protected":false},"excerpt":{"rendered":"<p>Impressum Impressum H\u00fcbner IT GmbH Allg\u00e4uer Str. 1&nbsp;87640 BiessenhofenDeutschlandTelefon: 08342 899377Fax: 08342 7054759E-Mail: info@Huebner-IT-GmbH.deWeb: www.Huebner-IT-GmbH.de Gesch\u00e4ftsleitungDipl.-Ing (FH) Thomas H\u00fcbner RegistereintragEintragung im HandelsregisterRegistergericht: Amtsgericht KemptenRegisternummer: HRB 15398 Umsatzsteuer \/ SteuernummerUmsatzsteuer-Identifikationsnummer gem\u00e4\u00df \u00a727a Umsatzsteuergesetz: DE335309318Steuernummer: 125\/128\/80701 Verantwortlich f\u00fcr den Inhalt nach \u00a7 &hellip; <a class=\"kt-excerpt-readmore\" href=\"https:\/\/huebner-it-gmbh.de\/index.php\/impressum\/\" aria-label=\"Impressum\">Weiterlesen<\/a><\/p>\n","protected":false},"author":1,"featured_media":0,"parent":0,"menu_order":0,"comment_status":"closed","ping_status":"closed","template":"elementor_header_footer","meta":{"footnotes":""},"class_list":["post-207","page","type-page","status-publish","hentry"],"_links":{"self":[{"href":"https:\/\/huebner-it-gmbh.de\/index.php\/wp-json\/wp\/v2\/pages\/207","targetHints":{"allow":["GET"]}}],"collection":[{"href":"https:\/\/huebner-it-gmbh.de\/index.php\/wp-json\/wp\/v2\/pages"}],"about":[{"href":"https:\/\/huebner-it-gmbh.de\/index.php\/wp-json\/wp\/v2\/types\/page"}],"author":[{"embeddable":true,"href":"https:\/\/huebner-it-gmbh.de\/index.php\/wp-json\/wp\/v2\/users\/1"}],"replies":[{"embeddable":true,"href":"https:\/\/huebner-it-gmbh.de\/index.php\/wp-json\/wp\/v2\/comments?post=207"}],"version-history":[{"count":0,"href":"https:\/\/huebner-it-gmbh.de\/index.php\/wp-json\/wp\/v2\/pages\/207\/revisions"}],"wp:attachment":[{"href":"https:\/\/huebner-it-gmbh.de\/index.php\/wp-json\/wp\/v2\/media?parent=207"}],"curies":[{"name":"wp","href":"https:\/\/api.w.org\/{rel}","templated":true}]}}